{"id":1016,"date":"2012-04-11T21:55:07","date_gmt":"2012-04-11T20:55:07","guid":{"rendered":"http:\/\/www.kungfumulhouse.com\/?page_id=1016"},"modified":"2012-04-16T11:59:18","modified_gmt":"2012-04-16T10:59:18","slug":"le-style-de-binh-dinh","status":"publish","type":"page","link":"https:\/\/www.kungfumulhouse.com\/?page_id=1016","title":{"rendered":"Le style Binh Dinh"},"content":{"rendered":"<p>Le terme de <strong>Binh Dinh<\/strong>, au m\u00eame titre que \u00ab\u00a0<a title=\"Shaolin\" href=\"http:\/\/fr.wikipedia.org\/wiki\/Shaolin\">Shaolin<\/a>\u00ab\u00a0, se r\u00e9f\u00e8re davantage \u00e0 un courant d&rsquo;<a title=\"Arts martiaux\" href=\"http:\/\/fr.wikipedia.org\/wiki\/Arts_martiaux\">arts martiaux<\/a> qu&rsquo;\u00e0 un style unique. La r\u00e9gion de <a title=\"B\u00ecnh \u0110\u1ecbnh\" href=\"http:\/\/fr.wikipedia.org\/wiki\/B%C3%ACnh_%C4%90%E1%BB%8Bnh\">B\u00ecnh \u0110\u1ecbnh<\/a> au <a title=\"Vi\u00eat Nam\" href=\"http:\/\/fr.wikipedia.org\/wiki\/Vi%C3%AAt_Nam\">Vi\u00eat Nam<\/a> est un des berceaux des <a title=\"Art\" href=\"http:\/\/fr.wikipedia.org\/wiki\/Art\">arts<\/a> traditionnels de ce pays. Et l&rsquo;histoire commune, durant plusieurs si\u00e8cles, de la <a title=\"Civilisation chinoise\" href=\"http:\/\/fr.wikipedia.org\/wiki\/Civilisation_chinoise\">Chine<\/a> et du Vi\u00eat Nam, se retrouve dans ce courant.<\/p>\n<p>Le courant Binh Dinh est donc tr\u00e8s li\u00e9 \u00e0 l&rsquo;histoire du Vi\u00eat Nam et aux \u00e9v\u00e9nements qui se d\u00e9roul\u00e8rent dans la r\u00e9gion. De l&rsquo;\u00e9mergence d&rsquo;un style en tant que tel du <a title=\"XVe si\u00e8cle\" href=\"http:\/\/fr.wikipedia.org\/wiki\/XVe_si%C3%A8cle\">XV<sup>e<\/sup>\u00a0si\u00e8cle<\/a> \u00e0 nos jours, en passant par la r\u00e9volte de <a title=\"T\u00e2y Son\" href=\"http:\/\/fr.wikipedia.org\/wiki\/T%C3%A2y_Son\">T\u00e2y Son<\/a> et la lutte contre l&rsquo;invasion fran\u00e7aise, les arts martiaux de Binh Dinh ont contribu\u00e9 \u00e0 l&rsquo;histoire de ce pays et ont connu de nombreuses \u00e9volutions. Ils connurent leur apog\u00e9e \u00e0 la fin du <a title=\"XVIIIe si\u00e8cle\" href=\"http:\/\/fr.wikipedia.org\/wiki\/XVIIIe_si%C3%A8cle\">XVIII<sup>e<\/sup>\u00a0si\u00e8cle<\/a> suite \u00e0 la r\u00e9volte de T\u00e2y Son en devenant <em>le<\/em> style militaire officiel que tout soldat se devait de pratiquer pour d\u00e9fendre le royaume. Puis ils travers\u00e8rent une p\u00e9riode de clandestinit\u00e9 \u00e0 partir du d\u00e9but du <a title=\"XIXe si\u00e8cle\" href=\"http:\/\/fr.wikipedia.org\/wiki\/XIXe_si%C3%A8cle\">XIX<sup>e<\/sup>\u00a0si\u00e8cle<\/a> qui entra\u00eena d&rsquo;importantes d\u00e9perditions dans le style. C&rsquo;est sans doute \u00e0 la suite de cette p\u00e9riode qu&rsquo;\u00e9merg\u00e8rent les nombreux styles que l&rsquo;on retrouve aujourd&rsquo;hui, dont nombre de styles dit \u00ab\u00a0familiaux\u00a0\u00bb transmis uniquement dans le cercle priv\u00e9 de la descendance.<\/p>\n<p>La sp\u00e9cificit\u00e9 des arts de Binh Dinh se situe dans la dimension tactique du combat que l&rsquo;on retrouve aussi bien dans le travail \u00e0 mains nues (quyen) que le travail avec armes (b\u00e2ton long (\u00ab\u00a0roi\u00a0\u00bb), <a title=\"\u00c9p\u00e9e\" href=\"http:\/\/fr.wikipedia.org\/wiki\/%C3%89p%C3%A9e\">\u00e9p\u00e9e<\/a>, <a title=\"Sabre (arme)\" href=\"http:\/\/fr.wikipedia.org\/wiki\/Sabre_%28arme%29\">sabre<\/a>, <a title=\"Tomfa\" href=\"http:\/\/fr.wikipedia.org\/wiki\/Tomfa\">tomfas<\/a>, trois branches,.etc. pour n&rsquo;en citer que quelques-unes.<\/p>\n<p>&#8211; L&rsquo;article sera bient\u00f4t mis \u00e0 jour &#8211;<\/p>\n<p>&nbsp;<\/p>\n","protected":false},"excerpt":{"rendered":"<p>Le terme de Binh Dinh, au m\u00eame titre que \u00ab\u00a0Shaolin\u00ab\u00a0, se r\u00e9f\u00e8re davantage \u00e0 un courant d&rsquo;arts martiaux qu&rsquo;\u00e0 un style unique. La r\u00e9gion de B\u00ecnh \u0110\u1ecbnh au Vi\u00eat Nam est un des berceaux des arts traditionnels de ce pays. Et l&rsquo;histoire commune, durant plusieurs si\u00e8cles, de la Chine et du Vi\u00eat Nam, se retrouve [&#038;hellip<\/p>\n","protected":false},"author":3,"featured_media":0,"parent":2,"menu_order":0,"comment_status":"closed","ping_status":"closed","template":"","meta":{"footnotes":""},"class_list":["post-1016","page","type-page","status-publish","hentry"],"_links":{"self":[{"href":"https:\/\/www.kungfumulhouse.com\/index.php?rest_route=\/wp\/v2\/pages\/1016","targetHints":{"allow":["GET"]}}],"collection":[{"href":"https:\/\/www.kungfumulhouse.com\/index.php?rest_route=\/wp\/v2\/pages"}],"about":[{"href":"https:\/\/www.kungfumulhouse.com\/index.php?rest_route=\/wp\/v2\/types\/page"}],"author":[{"embeddable":true,"href":"https:\/\/www.kungfumulhouse.com\/index.php?rest_route=\/wp\/v2\/users\/3"}],"replies":[{"embeddable":true,"href":"https:\/\/www.kungfumulhouse.com\/index.php?rest_route=%2Fwp%2Fv2%2Fcomments&post=1016"}],"version-history":[{"count":2,"href":"https:\/\/www.kungfumulhouse.com\/index.php?rest_route=\/wp\/v2\/pages\/1016\/revisions"}],"predecessor-version":[{"id":1030,"href":"https:\/\/www.kungfumulhouse.com\/index.php?rest_route=\/wp\/v2\/pages\/1016\/revisions\/1030"}],"up":[{"embeddable":true,"href":"https:\/\/www.kungfumulhouse.com\/index.php?rest_route=\/wp\/v2\/pages\/2"}],"wp:attachment":[{"href":"https:\/\/www.kungfumulhouse.com\/index.php?rest_route=%2Fwp%2Fv2%2Fmedia&parent=1016"}],"curies":[{"name":"wp","href":"https:\/\/api.w.org\/{rel}","templated":true}]}}