{"id":2,"date":"2009-07-12T08:52:32","date_gmt":"2009-07-12T06:52:32","guid":{"rendered":"http:\/\/www.kungfumulhouse.com\/?page_id=2"},"modified":"2017-05-12T21:51:29","modified_gmt":"2017-05-12T19:51:29","slug":"a-propos","status":"publish","type":"page","link":"https:\/\/www.kungfumulhouse.com\/?page_id=2","title":{"rendered":"L&rsquo;association"},"content":{"rendered":"<p>Cr\u00e9e depuis 1977 \u00e0 Mulhouse, l\u2019association sportive fut la premi\u00e8re \u00e0 contribuer \u00e0 l\u2019essor et au d\u00e9veloppement du Kung Fu Binh Dinh en Alsace. <a href=\"http:\/\/fr.wikipedia.org\/wiki\/Sao_lim\" target=\"_blank\" rel=\"noopener noreferrer\">\u201cLa main de Fer\u201d<\/a> est le style particulier du club, celui-ci a \u00e9t\u00e9 transmis par le Ma\u00eetre Pham Chuong Pascal, lui-m\u00eame champion du monde de Kung Fu Wu Shu dans le style de la \u00ab\u00a0Main de Fer\u00a0\u00bb en 1987\/1988, mais aussi fr\u00e8re d\u2019arme de Ma\u00eetre Lim PHAN &#8211; Ecole de Wu Shu et Binh Dinh bas\u00e9 \u00e0 Los Angeles.<\/p>\n<p>La particularit\u00e9 du style Binh Dinh de la \u201cMain de Fer\u201d consiste en la fortification et l\u2019endurcissement du corps, et \u00e0 plus grand niveau l\u2019apprentissage de la m\u00e9decine chinoise traditionnelle. Cette discipline vous apportera \u00e9nergie, r\u00e9flexes, souplesse, vivacit\u00e9,et bien s\u00fbr sagesse.<\/p>\n<p>De part la pratique du Kung Fu, vous d\u00e9velopperez votre<a href=\"http:\/\/fr.wikipedia.org\/wiki\/Qi_%28spiritualit%C3%A9%29\" target=\"_blank\" rel=\"noopener noreferrer\"> Qi<\/a>, mais aussi une meilleure approche spirituelle de la vie. Le Kung Fu est bien plus qu\u2019un art martial mais une philosophie de vie.<\/p>\n<p>C\u2019est dans ce but que notre club (*) vous accueillera avec grand plaisir aux cours de nos entra\u00eenements.<\/p>\n<p>Venez assistez \u00e0 nos cours!<\/p>\n<p><strong>Contact :<\/strong> <strong> <a href=\"mailto:info@kungfumulhouse.com\"> info@kungfumulhouse.com<\/a><\/strong><\/p>\n<p>\u2014\u2014\u2014\u2014\u2014\u2014\u2014\u2014\u2014\u2014\u2014\u2014\u2014\u2014\u2014\u2014\u2014\u2014\u2014\u2014\u2014\u2014\u2014\u2014<\/p>\n<p>Les horaires des entra\u00eenements et leurs lieux :<\/p>\n<p><strong>LUNDI 18h-20h :<\/strong> Gymnase des Jonquilles<br \/>\n 6 rue des Jonquilles, 68110 ILLZACH<\/p>\n<p><strong>VENDREDI 18H-20H: <\/strong>M.J.C Espace 110 Illzach<br \/>\n 1 avenue des Rives de l\u2019Ill, 68100 ILLZACH<\/p>\n<p><strong>SAMEDI 9h30-11h30 : <\/strong>M.J.C Espace 110 Illzach<br \/>\n 1 avenue des Rives de l\u2019Ill, 68100 ILLZACH<\/p>\n<p>Age minimum: 12ans<br \/>\n \u2014\u2014\u2014\u2014\u2014\u2014\u2014\u2014\u2014\u2014\u2014\u2014\u2014\u2014\u2014\u2014\u2014\u2014\u2014\u2014\u2014\u2014\u2014\u2014<\/p>\n<p>(*) L\u2019\u00e9cole de Ma\u00eetre Pham Chuong est une association sportive de type loi de 1901. Elle a pour but l\u2019enseignement et la promotion du kung fu Binh Dinh, un art sino-vietnamien.<\/p>\n","protected":false},"excerpt":{"rendered":"<p>Cr\u00e9e depuis 1977 \u00e0 Mulhouse, l\u2019association sportive fut la premi\u00e8re \u00e0 contribuer \u00e0 l\u2019essor et au d\u00e9veloppement du Kung Fu Binh Dinh en Alsace. \u201cLa main de Fer\u201d est le style particulier du club, celui-ci a \u00e9t\u00e9 transmis par le Ma\u00eetre Pham Chuong Pascal, lui-m\u00eame champion du monde de Kung Fu Wu Shu dans le [&#038;hellip<\/p>\n","protected":false},"author":1,"featured_media":0,"parent":0,"menu_order":1,"comment_status":"closed","ping_status":"closed","template":"","meta":{"footnotes":""},"class_list":["post-2","page","type-page","status-publish","hentry"],"_links":{"self":[{"href":"https:\/\/www.kungfumulhouse.com\/index.php?rest_route=\/wp\/v2\/pages\/2","targetHints":{"allow":["GET"]}}],"collection":[{"href":"https:\/\/www.kungfumulhouse.com\/index.php?rest_route=\/wp\/v2\/pages"}],"about":[{"href":"https:\/\/www.kungfumulhouse.com\/index.php?rest_route=\/wp\/v2\/types\/page"}],"author":[{"embeddable":true,"href":"https:\/\/www.kungfumulhouse.com\/index.php?rest_route=\/wp\/v2\/users\/1"}],"replies":[{"embeddable":true,"href":"https:\/\/www.kungfumulhouse.com\/index.php?rest_route=%2Fwp%2Fv2%2Fcomments&post=2"}],"version-history":[{"count":23,"href":"https:\/\/www.kungfumulhouse.com\/index.php?rest_route=\/wp\/v2\/pages\/2\/revisions"}],"predecessor-version":[{"id":1747,"href":"https:\/\/www.kungfumulhouse.com\/index.php?rest_route=\/wp\/v2\/pages\/2\/revisions\/1747"}],"wp:attachment":[{"href":"https:\/\/www.kungfumulhouse.com\/index.php?rest_route=%2Fwp%2Fv2%2Fmedia&parent=2"}],"curies":[{"name":"wp","href":"https:\/\/api.w.org\/{rel}","templated":true}]}}