{"id":2479,"date":"2024-04-03T13:46:17","date_gmt":"2024-04-03T11:46:17","guid":{"rendered":"https:\/\/www.kungfumulhouse.com\/?page_id=2479"},"modified":"2025-09-04T18:15:15","modified_gmt":"2025-09-04T16:15:15","slug":"adhesion","status":"publish","type":"page","link":"https:\/\/www.kungfumulhouse.com\/?page_id=2479","title":{"rendered":"Adh\u00e9sion \u00e0 notre \u00e9cole"},"content":{"rendered":"\n<p>\u00a0<\/p>\n<p>Pour votre <strong>inscription <\/strong>pour la saison, il faut cliquer sur le lien suivant : <strong><span style=\"color: #0000ff;\"><a style=\"color: #0000ff;\" href=\"https:\/\/www.helloasso.com\/associations\/ecole-de-kung-fu-de-maitre-pham-chuong\/adhesions\/inscription-a-la-saison-sept-2025-juil-2026\">Mon inscription<\/a><\/span><\/strong><\/p>\n<p>\u00a0<\/p>\n<hr \/>\n<table>\n<tbody>\n<tr>\n<td style=\"background-color: #ffdede;\">\n<p><strong><span style=\"color: #ff0000;\">NB :<\/span> <\/strong>Lors du paiement de votre cotisation, le site <strong><a href=\"https:\/\/www.helloasso.com\/\">HelloAsso<\/a> <\/strong>vous proposera de faire un don. <span style=\"text-decoration: underline;\">Ce n\u2019est en aucun cas obligatoire<\/span>. Ce don est propos\u00e9 pour financer HelloAsso, et non notre \u00e9cole.<br \/>Vous pouvez tr\u00e8s bien mettre ce montant \u00e0 z\u00e9ro. Nos tarifs sont ceux indiqu\u00e9s, ni plus ni moins.<\/p>\n<p>En cas de difficult\u00e9, envoyez nous un petit message \u00e0 <strong><a href=\"mailto:info@kungfumulhouse.com\">info@kungfumulhouse.com<\/a><\/strong><\/p>\n<\/td>\n<\/tr>\n<\/tbody>\n<\/table>\n<p>\u00a0<\/p>\n<p>\u00a0<\/p>\n<p>\u00a0<\/p>\n<p>\u00a0<\/p>\n\n\n","protected":false},"excerpt":{"rendered":"<p>\u00a0 Pour votre inscription pour la saison, il faut cliquer sur le lien suivant : Mon inscription \u00a0 NB : Lors du paiement de votre cotisation, le site HelloAsso vous proposera de faire un don. Ce n\u2019est en aucun cas obligatoire. Ce don est propos\u00e9 pour financer HelloAsso, et non notre \u00e9cole.Vous pouvez tr\u00e8s bien [&#038;hellip<\/p>\n","protected":false},"author":2,"featured_media":0,"parent":0,"menu_order":0,"comment_status":"closed","ping_status":"closed","template":"","meta":{"footnotes":""},"class_list":["post-2479","page","type-page","status-publish","hentry"],"_links":{"self":[{"href":"https:\/\/www.kungfumulhouse.com\/index.php?rest_route=\/wp\/v2\/pages\/2479","targetHints":{"allow":["GET"]}}],"collection":[{"href":"https:\/\/www.kungfumulhouse.com\/index.php?rest_route=\/wp\/v2\/pages"}],"about":[{"href":"https:\/\/www.kungfumulhouse.com\/index.php?rest_route=\/wp\/v2\/types\/page"}],"author":[{"embeddable":true,"href":"https:\/\/www.kungfumulhouse.com\/index.php?rest_route=\/wp\/v2\/users\/2"}],"replies":[{"embeddable":true,"href":"https:\/\/www.kungfumulhouse.com\/index.php?rest_route=%2Fwp%2Fv2%2Fcomments&post=2479"}],"version-history":[{"count":18,"href":"https:\/\/www.kungfumulhouse.com\/index.php?rest_route=\/wp\/v2\/pages\/2479\/revisions"}],"predecessor-version":[{"id":2689,"href":"https:\/\/www.kungfumulhouse.com\/index.php?rest_route=\/wp\/v2\/pages\/2479\/revisions\/2689"}],"wp:attachment":[{"href":"https:\/\/www.kungfumulhouse.com\/index.php?rest_route=%2Fwp%2Fv2%2Fmedia&parent=2479"}],"curies":[{"name":"wp","href":"https:\/\/api.w.org\/{rel}","templated":true}]}}